{"id":17,"date":"2025-10-24T15:53:40","date_gmt":"2025-10-24T13:53:40","guid":{"rendered":"http:\/\/genezja.you2.pl\/?page_id=17"},"modified":"2025-11-07T13:26:03","modified_gmt":"2025-11-07T12:26:03","slug":"kontakt","status":"publish","type":"page","link":"http:\/\/genezja.you2.pl\/index.php\/kontakt\/","title":{"rendered":"Kontakt"},"content":{"rendered":"\n<p>Genezja.pl<\/p>\n\n\n\n<p>Willowa 2, 43-300 Bielsko-Bia\u0142a<\/p>\n\n\n\n<p>e-mail: biuro@genezja.pl<\/p>\n\n\n\n<p>tel.: <a href=\"http:\/\/+4812312313\" title=\"+4812312313\">+48 123 123 123<\/a><\/p>\n\n\n\n<h2 class=\"wp-block-heading\">Godziny pracy<\/h2>\n\n\n\n<p>Poniedzia\u0142ek: 8 &#8211; 16<\/p>\n\n\n\n<p>Wtorek 8 &#8211; 16<\/p>\n\n\n\n<p>\u015aroda: 8 &#8211; 16<\/p>\n\n\n\n<p>Czwartek: 8 &#8211; 16<\/p>\n\n\n\n<p>Pi\u0105tek: 8 &#8211; 14<\/p>\n\n\n\n<p>Sobota: 8 &#8211; 13<\/p>\n\n\n\n<p>Niedziela: nieczynne<\/p>\n\n\n\n<h2 class=\"wp-block-heading\">Formularz kontaktowy<\/h2>\n\n\n<style id=\"wpforms-css-vars-13-block-3934da8a-14f8-4db1-b9a8-1fb9457bfd22\">\n\t\t\t\t#wpforms-13.wpforms-block-3934da8a-14f8-4db1-b9a8-1fb9457bfd22 {\n\t\t\t\t--wpforms-field-size-input-height: 43px;\n--wpforms-field-size-input-spacing: 15px;\n--wpforms-field-size-font-size: 16px;\n--wpforms-field-size-line-height: 19px;\n--wpforms-field-size-padding-h: 14px;\n--wpforms-field-size-checkbox-size: 16px;\n--wpforms-field-size-sublabel-spacing: 5px;\n--wpforms-field-size-icon-size: 1;\n--wpforms-label-size-font-size: 16px;\n--wpforms-label-size-line-height: 19px;\n--wpforms-label-size-sublabel-font-size: 14px;\n--wpforms-label-size-sublabel-line-height: 17px;\n--wpforms-button-size-font-size: 17px;\n--wpforms-button-size-height: 41px;\n--wpforms-button-size-padding-h: 15px;\n--wpforms-button-size-margin-top: 10px;\n\t\t\t}\n\t\t\t<\/style><div class=\"wpforms-container wpforms-container-full wpforms-block wpforms-block-3934da8a-14f8-4db1-b9a8-1fb9457bfd22 wpforms-render-modern\" id=\"wpforms-13\"><form id=\"wpforms-form-13\" class=\"wpforms-validate wpforms-form wpforms-ajax-form\" data-formid=\"13\" method=\"post\" enctype=\"multipart\/form-data\" action=\"\/index.php\/wp-json\/wp\/v2\/pages\/17\" data-token=\"c5192d64b0f54bb712574cc73c5cde67\" data-token-time=\"1776842047\"><noscript class=\"wpforms-error-noscript\">Aby wype\u0142ni\u0107 ten formularz, w\u0142\u0105cz obs\u0142ug\u0119 JavaScript w przegl\u0105darce.<\/noscript><div id=\"wpforms-error-noscript\" style=\"display: none;\">Aby wype\u0142ni\u0107 ten formularz, w\u0142\u0105cz obs\u0142ug\u0119 JavaScript w przegl\u0105darce.<\/div><div class=\"wpforms-field-container\">\t\t<div id=\"wpforms-13-field_5-container\"\n\t\t\tclass=\"wpforms-field wpforms-field-text\"\n\t\t\tdata-field-type=\"text\"\n\t\t\tdata-field-id=\"5\"\n\t\t\t>\n\t\t\t<label class=\"wpforms-field-label\" for=\"wpforms-13-field_5\" >Klauzula RODO i<\/label>\n\t\t\t<input type=\"text\" id=\"wpforms-13-field_5\" class=\"wpforms-field-medium\" name=\"wpforms[fields][5]\" >\n\t\t<\/div>\n\t\t<div id=\"wpforms-13-field_1-container\" class=\"wpforms-field wpforms-field-name\" data-field-id=\"1\"><fieldset><legend class=\"wpforms-field-label\">Imi\u0119 i nazwisko <span class=\"wpforms-required-label\" aria-hidden=\"true\">*<\/span><\/legend><div class=\"wpforms-field-row wpforms-field-medium\"><div class=\"wpforms-field-row-block wpforms-first wpforms-one-half\"><input type=\"text\" id=\"wpforms-13-field_1\" class=\"wpforms-field-name-first wpforms-field-required\" name=\"wpforms[fields][1][first]\" aria-errormessage=\"wpforms-13-field_1-error\" required><label for=\"wpforms-13-field_1\" class=\"wpforms-field-sublabel after\">Pierwszy<\/label><\/div><div class=\"wpforms-field-row-block wpforms-one-half\"><input type=\"text\" id=\"wpforms-13-field_1-last\" class=\"wpforms-field-name-last wpforms-field-required\" name=\"wpforms[fields][1][last]\" aria-errormessage=\"wpforms-13-field_1-last-error\" required><label for=\"wpforms-13-field_1-last\" class=\"wpforms-field-sublabel after\">Ostatni<\/label><\/div><\/div><\/fieldset><\/div><div id=\"wpforms-13-field_2-container\" class=\"wpforms-field wpforms-field-email\" data-field-id=\"2\"><label class=\"wpforms-field-label\" for=\"wpforms-13-field_2\">Adres e-mail <span class=\"wpforms-required-label\" aria-hidden=\"true\">*<\/span><\/label><input type=\"email\" id=\"wpforms-13-field_2\" class=\"wpforms-field-medium wpforms-field-required\" name=\"wpforms[fields][2]\" spellcheck=\"false\" aria-errormessage=\"wpforms-13-field_2-error\" required><\/div><div id=\"wpforms-13-field_3-container\" class=\"wpforms-field wpforms-field-textarea\" data-field-id=\"3\"><label class=\"wpforms-field-label\" for=\"wpforms-13-field_3\">Komentarz lub wiadomo\u015b\u0107<\/label><textarea id=\"wpforms-13-field_3\" class=\"wpforms-field-medium\" name=\"wpforms[fields][3]\" aria-errormessage=\"wpforms-13-field_3-error\" ><\/textarea><\/div><div id=\"wpforms-13-field_4-container\" class=\"wpforms-field wpforms-field-checkbox\" data-field-id=\"4\"><fieldset><legend class=\"wpforms-field-label\">Klauzula RODO <span class=\"wpforms-required-label\" aria-hidden=\"true\">*<\/span><\/legend><ul id=\"wpforms-13-field_4\" class=\"wpforms-field-required\"><li class=\"choice-3 depth-1\"><input type=\"checkbox\" id=\"wpforms-13-field_4_3\" name=\"wpforms[fields][4][]\" value=\"Wyra\u017cam zgod\u0119 na przetwarzanie moich danych osobowych podanych w powy\u017cszym formularzu w celach handlowych i marketingowych przez Genezja.pl oraz podmioty trzecie.\" aria-errormessage=\"wpforms-13-field_4_3-error\" required ><label class=\"wpforms-field-label-inline\" for=\"wpforms-13-field_4_3\">Wyra\u017cam zgod\u0119 na przetwarzanie moich danych osobowych podanych w powy\u017cszym formularzu w celach handlowych i marketingowych przez Genezja.pl oraz podmioty trzecie.<\/label><\/li><\/ul><\/fieldset><\/div><script>\n\t\t\t\t( function() {\n\t\t\t\t\tconst style = document.createElement( 'style' );\n\t\t\t\t\tstyle.appendChild( document.createTextNode( '#wpforms-13-field_5-container { position: absolute !important; overflow: hidden !important; display: inline !important; height: 1px !important; width: 1px !important; z-index: -1000 !important; padding: 0 !important; } #wpforms-13-field_5-container input { visibility: hidden; } #wpforms-conversational-form-page #wpforms-13-field_5-container label { counter-increment: none; }' ) );\n\t\t\t\t\tdocument.head.appendChild( style );\n\t\t\t\t\tdocument.currentScript?.remove();\n\t\t\t\t} )();\n\t\t\t<\/script><\/div><!-- .wpforms-field-container --><div class=\"wpforms-recaptcha-container wpforms-is-recaptcha wpforms-is-recaptcha-type-v3\" ><input type=\"hidden\" name=\"wpforms[recaptcha]\" value=\"\"><\/div><div class=\"wpforms-submit-container\" ><input type=\"hidden\" name=\"wpforms[id]\" value=\"13\"><input type=\"hidden\" name=\"page_title\" value=\"\"><input type=\"hidden\" name=\"page_url\" value=\"http:\/\/genezja.you2.pl\/index.php\/wp-json\/wp\/v2\/pages\/17\"><input type=\"hidden\" name=\"url_referer\" value=\"\"><button type=\"submit\" name=\"wpforms[submit]\" id=\"wpforms-submit-13\" class=\"wpforms-submit\" data-alt-text=\"Wysy\u0142anie...\" data-submit-text=\"Prze\u015blij\" aria-live=\"assertive\" value=\"wpforms-submit\">Prze\u015blij<\/button><img loading=\"lazy\" decoding=\"async\" src=\"http:\/\/genezja.you2.pl\/wp-content\/plugins\/wpforms-lite\/assets\/images\/submit-spin.svg\" class=\"wpforms-submit-spinner\" style=\"display: none;\" width=\"26\" height=\"26\" alt=\"Wczytywanie\"><\/div><\/form><\/div>  <!-- .wpforms-container -->\n\n\n<h2 class=\"wp-block-heading\">Jak do nas dotrze\u0107? <\/h2>\n\n\n\n<p class=\"has-text-align-center\"><iframe loading=\"lazy\" style=\"border: 0;\" src=\"https:\/\/www.google.com\/maps\/embed?pb=!1m18!1m12!1m3!1d82387.8043420234!2d18.95635630636877!3d49.81203229167613!2m3!1f0!2f0!3f0!3m2!1i1024!2i768!4f13.1!3m3!1m2!1s0x47169f63dd80507b%3A0x6811f587fa4fe3a7!2sBielsko-Bia%C5%82a!5e0!3m2!1spl!2spl!4v1762517599854!5m2!1spl!2spl\" width=\"620\" height=\"450\" allowfullscreen=\"allowfullscreen\"><\/iframe><\/p>\n\n\n\n<p><\/p>\n","protected":false},"excerpt":{"rendered":"<p>Genezja.pl Willowa 2, 43-300 Bielsko-Bia\u0142a e-mail: biuro@genezja.pl tel.: +48 123 123 123 Godziny pracy Poniedzia\u0142ek: 8 &#8211; 16 Wtorek 8 &#8211; 16 \u015aroda: 8 &#8211; 16 Czwartek: 8 &#8211; 16 Pi\u0105tek: 8 &#8211; 14 Sobota: 8 &#8211; 13 Niedziela: nieczynne Formularz kontaktowy Jak do nas dotrze\u0107?<\/p>\n","protected":false},"author":1,"featured_media":0,"parent":0,"menu_order":0,"comment_status":"closed","ping_status":"closed","template":"","meta":{"om_disable_all_campaigns":false,"_monsterinsights_skip_tracking":false,"_monsterinsights_sitenote_active":false,"_monsterinsights_sitenote_note":"","_monsterinsights_sitenote_category":0,"footnotes":""},"class_list":["post-17","page","type-page","status-publish","hentry"],"aioseo_notices":[],"_links":{"self":[{"href":"http:\/\/genezja.you2.pl\/index.php\/wp-json\/wp\/v2\/pages\/17","targetHints":{"allow":["GET"]}}],"collection":[{"href":"http:\/\/genezja.you2.pl\/index.php\/wp-json\/wp\/v2\/pages"}],"about":[{"href":"http:\/\/genezja.you2.pl\/index.php\/wp-json\/wp\/v2\/types\/page"}],"author":[{"embeddable":true,"href":"http:\/\/genezja.you2.pl\/index.php\/wp-json\/wp\/v2\/users\/1"}],"replies":[{"embeddable":true,"href":"http:\/\/genezja.you2.pl\/index.php\/wp-json\/wp\/v2\/comments?post=17"}],"version-history":[{"count":7,"href":"http:\/\/genezja.you2.pl\/index.php\/wp-json\/wp\/v2\/pages\/17\/revisions"}],"predecessor-version":[{"id":35,"href":"http:\/\/genezja.you2.pl\/index.php\/wp-json\/wp\/v2\/pages\/17\/revisions\/35"}],"wp:attachment":[{"href":"http:\/\/genezja.you2.pl\/index.php\/wp-json\/wp\/v2\/media?parent=17"}],"curies":[{"name":"wp","href":"https:\/\/api.w.org\/{rel}","templated":true}]}}