{"id":183,"date":"2025-11-21T16:38:53","date_gmt":"2025-11-21T15:38:53","guid":{"rendered":"https:\/\/genezja.you2.pl\/?page_id=183"},"modified":"2025-11-28T15:41:59","modified_gmt":"2025-11-28T14:41:59","slug":"oferta","status":"publish","type":"page","link":"http:\/\/genezja.you2.pl\/index.php\/oferta\/","title":{"rendered":"Oferta"},"content":{"rendered":"\n<div class=\"wp-block-cover alignfull has-parallax\"><div class=\"wp-block-cover__image-background wp-image-138 size-large has-parallax\" style=\"background-position:50% 50%;background-image:url(http:\/\/genezja.you2.pl\/wp-content\/uploads\/2025\/10\/Multimedia-1024x683.jpg)\"><\/div><span aria-hidden=\"true\" class=\"wp-block-cover__background has-background-dim\" style=\"background-color:#5a5a5a\"><\/span><div class=\"wp-block-cover__inner-container has-global-padding is-layout-constrained wp-block-cover-is-layout-constrained\">\n<p class=\"has-text-align-center has-base-2-color has-text-color has-link-color has-outfit-font-family wp-elements-d675e652b8ef385a5710d6f881ad5cf8\" style=\"margin-top:0;margin-right:0;margin-bottom:0;margin-left:0;font-size:clamp(1.985rem, 1.985rem + ((1vw - 0.2rem) * 2.558), 3.52rem);\"><strong>ZAKRES US\u0141UG<\/strong><\/p>\n<\/div><\/div>\n\n\n\n<h2 class=\"wp-block-heading alignwide has-text-align-center has-outfit-font-family\" style=\"margin-top:var(--wp--preset--spacing--20);margin-bottom:var(--wp--preset--spacing--20)\">Projekt graficzny drzewa genealogicznego<\/h2>\n\n\n\n<hr class=\"wp-block-separator has-alpha-channel-opacity is-style-wide\"\/>\n\n\n\n<div class=\"wp-block-media-text alignwide is-stacked-on-mobile\"><figure class=\"wp-block-media-text__media\"><img loading=\"lazy\" decoding=\"async\" width=\"1024\" height=\"682\" src=\"http:\/\/genezja.you2.pl\/wp-content\/uploads\/2025\/11\/photos-630378_1280-1024x682.jpg\" alt=\"\" class=\"wp-image-128 size-full\" srcset=\"http:\/\/genezja.you2.pl\/wp-content\/uploads\/2025\/11\/photos-630378_1280-1024x682.jpg 1024w, http:\/\/genezja.you2.pl\/wp-content\/uploads\/2025\/11\/photos-630378_1280-300x200.jpg 300w, http:\/\/genezja.you2.pl\/wp-content\/uploads\/2025\/11\/photos-630378_1280-768x512.jpg 768w, http:\/\/genezja.you2.pl\/wp-content\/uploads\/2025\/11\/photos-630378_1280.jpg 1280w\" sizes=\"auto, (max-width: 1024px) 100vw, 1024px\" \/><\/figure><div class=\"wp-block-media-text__content\">\n<h3 class=\"wp-block-heading has-outfit-font-family\">1. KONSULTACJA WST\u0118PNA<\/h3>\n\n\n\n<p class=\"has-outfit-font-family\">Om\u00f3wienie Twoich oczekiwa\u0144, stylu projektu oraz planowanego zakresu.<\/p>\n\n\n\n<p class=\"has-outfit-font-family\">Ustalenie dost\u0119pnych materia\u0142\u00f3w (dokumenty rodzinne, fotografie, relacje cz\u0142onk\u00f3w rodziny).<\/p>\n\n\n\n<p class=\"has-outfit-font-family\">Doradztwo w kwestii wyboru formy i estetyki drzewa.<\/p>\n<\/div><\/div>\n\n\n\n<div class=\"wp-block-media-text alignwide has-media-on-the-right is-stacked-on-mobile\"><div class=\"wp-block-media-text__content\">\n<h3 class=\"wp-block-heading has-outfit-font-family\">2. ANALIZA I WERYFIKACJA DANYCH<\/h3>\n\n\n\n<p class=\"has-outfit-font-family\">Porz\u0105dkowanie zgromadzonych informacji rodzinnych.<\/p>\n\n\n\n<p class=\"has-outfit-font-family\">Opracowanie chronologii pokole\u0144.<\/p>\n\n\n\n<p class=\"has-outfit-font-family\">Weryfikacja fakt\u00f3w (na \u017cyczenie mo\u017cliwo\u015b\u0107 rozszerzenia o profesjonalne badania genealogiczne).<\/p>\n<\/div><figure class=\"wp-block-media-text__media\"><img loading=\"lazy\" decoding=\"async\" width=\"800\" height=\"532\" src=\"http:\/\/genezja.you2.pl\/wp-content\/uploads\/2025\/11\/Multimedia-6.jpg\" alt=\"\" class=\"wp-image-118 size-full\" srcset=\"http:\/\/genezja.you2.pl\/wp-content\/uploads\/2025\/11\/Multimedia-6.jpg 800w, http:\/\/genezja.you2.pl\/wp-content\/uploads\/2025\/11\/Multimedia-6-300x200.jpg 300w, http:\/\/genezja.you2.pl\/wp-content\/uploads\/2025\/11\/Multimedia-6-768x511.jpg 768w\" sizes=\"auto, (max-width: 800px) 100vw, 800px\" \/><\/figure><\/div>\n\n\n\n<div class=\"wp-block-media-text alignwide is-stacked-on-mobile\"><figure class=\"wp-block-media-text__media\"><img loading=\"lazy\" decoding=\"async\" width=\"1024\" height=\"687\" src=\"http:\/\/genezja.you2.pl\/wp-content\/uploads\/2025\/11\/szkicuje-laptopa-pracy-edytuj-rysunek-laptopa-1024x687.jpg\" alt=\"\" class=\"wp-image-123 size-full\" srcset=\"http:\/\/genezja.you2.pl\/wp-content\/uploads\/2025\/11\/szkicuje-laptopa-pracy-edytuj-rysunek-laptopa-1024x687.jpg 1024w, http:\/\/genezja.you2.pl\/wp-content\/uploads\/2025\/11\/szkicuje-laptopa-pracy-edytuj-rysunek-laptopa-300x201.jpg 300w, http:\/\/genezja.you2.pl\/wp-content\/uploads\/2025\/11\/szkicuje-laptopa-pracy-edytuj-rysunek-laptopa-768x515.jpg 768w, http:\/\/genezja.you2.pl\/wp-content\/uploads\/2025\/11\/szkicuje-laptopa-pracy-edytuj-rysunek-laptopa-1536x1030.jpg 1536w, http:\/\/genezja.you2.pl\/wp-content\/uploads\/2025\/11\/szkicuje-laptopa-pracy-edytuj-rysunek-laptopa-2048x1374.jpg 2048w\" sizes=\"auto, (max-width: 1024px) 100vw, 1024px\" \/><\/figure><div class=\"wp-block-media-text__content\">\n<h3 class=\"wp-block-heading has-outfit-font-family\">3. PROJEKT GRAFICZNY DRZEWA GENEALOGICZNEGO<\/h3>\n\n\n\n<p class=\"has-outfit-font-family\">W zale\u017cno\u015bci od preferencji Klienta projekt mo\u017ce przybra\u0107 form\u0119:<\/p>\n\n\n\n<ul class=\"wp-block-list\">\n<li class=\"has-outfit-font-family\">tradycyjn\u0105 (rozbudowane drzewo pokole\u0144),<\/li>\n\n\n\n<li class=\"has-outfit-font-family\">artystyczn\u0105 (stylizowane ilustracje, ornamenty, grafika retro),<\/li>\n\n\n\n<li class=\"has-outfit-font-family\">minimalistyczn\u0105 (czysta, elegancka forma nowoczesna),<\/li>\n\n\n\n<li class=\"has-outfit-font-family\">tematyczn\u0105 (np. motywy regionalne, historyczne, heraldyczne).<\/li>\n<\/ul>\n\n\n\n<p class=\"has-outfit-font-family\">Ka\u017cdy projekt tworzony jest indywidualnie, z dba\u0142o\u015bci\u0105 o estetyk\u0119, uk\u0142ad i czytelno\u015b\u0107.<\/p>\n<\/div><\/div>\n\n\n\n<div class=\"wp-block-media-text alignwide has-media-on-the-right is-stacked-on-mobile\"><div class=\"wp-block-media-text__content\">\n<h3 class=\"wp-block-heading has-outfit-font-family\">4. PERSONALIZACJA<\/h3>\n\n\n\n<p class=\"has-outfit-font-family\">Umieszczenie zdj\u0119\u0107 cz\u0142onk\u00f3w rodziny.<\/p>\n\n\n\n<p class=\"has-outfit-font-family\">Dodanie opis\u00f3w biograficznych, dat, wa\u017cnych wydarze\u0144.<\/p>\n\n\n\n<p class=\"has-outfit-font-family\">Mo\u017cliwo\u015b\u0107 rozszerzenia projektu o mapy migracji, zdj\u0119cia dokument\u00f3w archiwalnych, symbole heraldyczne.<\/p>\n<\/div><figure class=\"wp-block-media-text__media\"><img loading=\"lazy\" decoding=\"async\" width=\"1024\" height=\"683\" src=\"http:\/\/genezja.you2.pl\/wp-content\/uploads\/2025\/11\/Multimedia-7-1-1024x683.jpg\" alt=\"\" class=\"wp-image-158 size-full\" srcset=\"http:\/\/genezja.you2.pl\/wp-content\/uploads\/2025\/11\/Multimedia-7-1-1024x683.jpg 1024w, http:\/\/genezja.you2.pl\/wp-content\/uploads\/2025\/11\/Multimedia-7-1-300x200.jpg 300w, http:\/\/genezja.you2.pl\/wp-content\/uploads\/2025\/11\/Multimedia-7-1-768x512.jpg 768w, http:\/\/genezja.you2.pl\/wp-content\/uploads\/2025\/11\/Multimedia-7-1.jpg 1536w\" sizes=\"auto, (max-width: 1024px) 100vw, 1024px\" \/><\/figure><\/div>\n\n\n\n<div class=\"wp-block-media-text alignwide is-stacked-on-mobile\"><figure class=\"wp-block-media-text__media\"><img loading=\"lazy\" decoding=\"async\" width=\"1000\" height=\"1000\" src=\"http:\/\/genezja.you2.pl\/wp-content\/uploads\/2025\/11\/Multimedia-2.jpg\" alt=\"\" class=\"wp-image-218 size-full\" srcset=\"http:\/\/genezja.you2.pl\/wp-content\/uploads\/2025\/11\/Multimedia-2.jpg 1000w, http:\/\/genezja.you2.pl\/wp-content\/uploads\/2025\/11\/Multimedia-2-300x300.jpg 300w, http:\/\/genezja.you2.pl\/wp-content\/uploads\/2025\/11\/Multimedia-2-150x150.jpg 150w, http:\/\/genezja.you2.pl\/wp-content\/uploads\/2025\/11\/Multimedia-2-768x768.jpg 768w\" sizes=\"auto, (max-width: 1000px) 100vw, 1000px\" \/><\/figure><div class=\"wp-block-media-text__content\">\n<h3 class=\"wp-block-heading has-outfit-font-family\">5. PRZYGOTOWANIE FINALNEJ WERSJI<\/h3>\n\n\n\n<p class=\"has-outfit-font-family\">Przekazanie drzewa w formacie cyfrowym (PDF, JPG, PNG) w wysokiej rozdzielczo\u015bci.<\/p>\n<\/div><\/div>\n\n\n\n<h2 class=\"wp-block-heading has-text-align-center has-outfit-font-family\">Wydruk<\/h2>\n\n\n\n<hr class=\"wp-block-separator has-alpha-channel-opacity is-style-wide\"\/>\n\n\n\n<p class=\"has-text-align-center\">Dla klient\u00f3w, kt\u00f3rzy pragn\u0105 nada\u0107 drzewu wyj\u0105tkow\u0105 form\u0119 fizyczn\u0105, oferujemy dodatkow\u0105 us\u0142ug\u0119 druku.<\/p>\n\n\n\n<div class=\"wp-block-media-text alignwide has-media-on-the-right is-stacked-on-mobile\"><div class=\"wp-block-media-text__content\">\n<h3 class=\"wp-block-heading has-outfit-font-family\">PAPIER PREMIUM<\/h3>\n\n\n\n<p class=\"has-outfit-font-family\">Papier satynowy 200\u2013300 g<\/p>\n\n\n\n<p class=\"has-outfit-font-family\">Papier matowy o wysokiej gramaturze<\/p>\n\n\n\n<p class=\"has-outfit-font-family\">Papier artystyczny (<em>fine art<\/em>) z faktur\u0105 jak akwarela<\/p>\n\n\n\n<p class=\"has-outfit-font-family\">Idealny do ramek i eleganckich opraw.<\/p>\n<\/div><figure class=\"wp-block-media-text__media\"><img loading=\"lazy\" decoding=\"async\" width=\"1024\" height=\"682\" src=\"http:\/\/genezja.you2.pl\/wp-content\/uploads\/2025\/11\/Multimedia-10-1024x682.jpg\" alt=\"\" class=\"wp-image-124 size-full\" srcset=\"http:\/\/genezja.you2.pl\/wp-content\/uploads\/2025\/11\/Multimedia-10-1024x682.jpg 1024w, http:\/\/genezja.you2.pl\/wp-content\/uploads\/2025\/11\/Multimedia-10-300x200.jpg 300w, http:\/\/genezja.you2.pl\/wp-content\/uploads\/2025\/11\/Multimedia-10-768x512.jpg 768w, http:\/\/genezja.you2.pl\/wp-content\/uploads\/2025\/11\/Multimedia-10-1536x1023.jpg 1536w, http:\/\/genezja.you2.pl\/wp-content\/uploads\/2025\/11\/Multimedia-10.jpg 1600w\" sizes=\"auto, (max-width: 1024px) 100vw, 1024px\" \/><\/figure><\/div>\n\n\n\n<div class=\"wp-block-media-text alignwide is-stacked-on-mobile\"><figure class=\"wp-block-media-text__media\"><img loading=\"lazy\" decoding=\"async\" width=\"928\" height=\"1024\" src=\"http:\/\/genezja.you2.pl\/wp-content\/uploads\/2025\/11\/Multimedia-3-928x1024.jpg\" alt=\"\" class=\"wp-image-221 size-full\" srcset=\"http:\/\/genezja.you2.pl\/wp-content\/uploads\/2025\/11\/Multimedia-3-928x1024.jpg 928w, http:\/\/genezja.you2.pl\/wp-content\/uploads\/2025\/11\/Multimedia-3-272x300.jpg 272w, http:\/\/genezja.you2.pl\/wp-content\/uploads\/2025\/11\/Multimedia-3-768x848.jpg 768w, http:\/\/genezja.you2.pl\/wp-content\/uploads\/2025\/11\/Multimedia-3-1392x1536.jpg 1392w, http:\/\/genezja.you2.pl\/wp-content\/uploads\/2025\/11\/Multimedia-3-1856x2048.jpg 1856w\" sizes=\"auto, (max-width: 928px) 100vw, 928px\" \/><\/figure><div class=\"wp-block-media-text__content\">\n<h3 class=\"wp-block-heading has-outfit-font-family\">P\u0141\u00d3TNO (CANVAS)<\/h3>\n\n\n\n<p class=\"has-outfit-font-family\">P\u0142\u00f3tno bawe\u0142niane lub mieszane wysokiej jako\u015bci<\/p>\n\n\n\n<p class=\"has-outfit-font-family\">Kolory odporne na blakni\u0119cie<\/p>\n\n\n\n<p class=\"has-outfit-font-family\">Mo\u017cliwe naci\u0105gni\u0119cie na blejtram (gotowe do powieszenia)<\/p>\n<\/div><\/div>\n\n\n\n<div class=\"wp-block-media-text alignwide has-media-on-the-right is-stacked-on-mobile\"><div class=\"wp-block-media-text__content\">\n<h3 class=\"wp-block-heading has-outfit-font-family\">FORMAT WIELKOFORMATOWY<\/h3>\n\n\n\n<p class=\"has-outfit-font-family\">Druki od A3 a\u017c po XXL<\/p>\n\n\n\n<p class=\"has-outfit-font-family\">Czytelne nawet przy bardzo du\u017cych projektach<\/p>\n<\/div><figure class=\"wp-block-media-text__media\"><img loading=\"lazy\" decoding=\"async\" width=\"1024\" height=\"768\" src=\"http:\/\/genezja.you2.pl\/wp-content\/uploads\/2025\/11\/Multimedia-4-1024x768.jpg\" alt=\"\" class=\"wp-image-222 size-full\" srcset=\"http:\/\/genezja.you2.pl\/wp-content\/uploads\/2025\/11\/Multimedia-4-1024x768.jpg 1024w, http:\/\/genezja.you2.pl\/wp-content\/uploads\/2025\/11\/Multimedia-4-300x225.jpg 300w, http:\/\/genezja.you2.pl\/wp-content\/uploads\/2025\/11\/Multimedia-4-768x576.jpg 768w, http:\/\/genezja.you2.pl\/wp-content\/uploads\/2025\/11\/Multimedia-4-1536x1152.jpg 1536w, http:\/\/genezja.you2.pl\/wp-content\/uploads\/2025\/11\/Multimedia-4-2048x1536.jpg 2048w\" sizes=\"auto, (max-width: 1024px) 100vw, 1024px\" \/><\/figure><\/div>\n\n\n\n<div class=\"wp-block-media-text alignwide is-stacked-on-mobile\"><figure class=\"wp-block-media-text__media\"><img loading=\"lazy\" decoding=\"async\" width=\"1024\" height=\"768\" src=\"http:\/\/genezja.you2.pl\/wp-content\/uploads\/2025\/11\/Multimedia-5-1-1024x768.jpg\" alt=\"\" class=\"wp-image-223 size-full\" srcset=\"http:\/\/genezja.you2.pl\/wp-content\/uploads\/2025\/11\/Multimedia-5-1-1024x768.jpg 1024w, http:\/\/genezja.you2.pl\/wp-content\/uploads\/2025\/11\/Multimedia-5-1-300x225.jpg 300w, http:\/\/genezja.you2.pl\/wp-content\/uploads\/2025\/11\/Multimedia-5-1-768x576.jpg 768w, http:\/\/genezja.you2.pl\/wp-content\/uploads\/2025\/11\/Multimedia-5-1-1536x1152.jpg 1536w, http:\/\/genezja.you2.pl\/wp-content\/uploads\/2025\/11\/Multimedia-5-1-2048x1536.jpg 2048w\" sizes=\"auto, (max-width: 1024px) 100vw, 1024px\" \/><\/figure><div class=\"wp-block-media-text__content\">\n<h3 class=\"wp-block-heading has-outfit-font-family\">INNE MATERIA\u0141Y (NA \u017bYCZENIE)<\/h3>\n\n\n\n<p class=\"has-outfit-font-family\">Pianka PCV<\/p>\n\n\n\n<p class=\"has-outfit-font-family\">Dibond (aluminium kompozytowe)<\/p>\n\n\n\n<p class=\"has-outfit-font-family\">Tkaniny dekoracyjne<\/p>\n<\/div><\/div>\n\n\n\n<div class=\"wp-block-media-text alignwide has-media-on-the-right is-stacked-on-mobile\"><div class=\"wp-block-media-text__content\">\n<h3 class=\"wp-block-heading has-outfit-font-family\">METODY WYKO\u0143CZENIA<\/h3>\n\n\n\n<p class=\"has-outfit-font-family\">Klasyczne ramy drewniane (r\u00f3\u017cne kolory i style)<\/p>\n\n\n\n<p class=\"has-outfit-font-family\">Ramy aluminiowe nowoczesne<\/p>\n\n\n\n<p class=\"has-outfit-font-family\">Passe-partout dopasowane kolorystycznie<\/p>\n\n\n\n<p class=\"has-outfit-font-family\">Laminowanie matowe\/po\u0142ysk<\/p>\n\n\n\n<p class=\"has-outfit-font-family\">Zabezpieczenie UV<\/p>\n\n\n\n<p class=\"has-outfit-font-family\">Werniks do p\u0142\u00f3tna dla eleganckiego wyko\u0144czenia<\/p>\n<\/div><figure class=\"wp-block-media-text__media\"><img loading=\"lazy\" decoding=\"async\" width=\"1024\" height=\"1024\" src=\"http:\/\/genezja.you2.pl\/wp-content\/uploads\/2025\/11\/Multimedia-6-1.jpg\" alt=\"\" class=\"wp-image-224 size-full\" srcset=\"http:\/\/genezja.you2.pl\/wp-content\/uploads\/2025\/11\/Multimedia-6-1.jpg 1024w, http:\/\/genezja.you2.pl\/wp-content\/uploads\/2025\/11\/Multimedia-6-1-300x300.jpg 300w, http:\/\/genezja.you2.pl\/wp-content\/uploads\/2025\/11\/Multimedia-6-1-150x150.jpg 150w, http:\/\/genezja.you2.pl\/wp-content\/uploads\/2025\/11\/Multimedia-6-1-768x768.jpg 768w\" sizes=\"auto, (max-width: 1024px) 100vw, 1024px\" \/><\/figure><\/div>\n\n\n\n<hr class=\"wp-block-separator has-alpha-channel-opacity is-style-wide\"\/>\n\n\n\n<h2 class=\"wp-block-heading has-outfit-font-family\"><strong>Dlaczego warto wybra\u0107 nasz\u0105 us\u0142ug\u0119?<\/strong><\/h2>\n\n\n\n<p class=\"has-outfit-font-family\"><strong>Indywidualne podej\u015bcie<\/strong> \u2013 ka\u017cdy projekt zaczynamy od poznania historii rodziny i oczekiwa\u0144 Klienta.<\/p>\n\n\n\n<p class=\"has-outfit-font-family\"><strong>Estetyczne opracowanie<\/strong> \u2013 dbamy o po\u0142\u0105czenie czytelno\u015bci, harmonii i pi\u0119knego designu.<\/p>\n\n\n\n<p class=\"has-outfit-font-family\"><strong>Elastyczno\u015b\u0107<\/strong> \u2013 realizujemy zar\u00f3wno niewielkie schematy rodzinne, jak i rozbudowane drzewa wielopokoleniowe.<\/p>\n\n\n\n<p class=\"has-outfit-font-family\"><strong>Poufno\u015b\u0107<\/strong> \u2013 wszystkie powierzone informacje traktujemy z najwy\u017csz\u0105 staranno\u015bci\u0105 i dyskrecj\u0105.<\/p>\n\n\n\n<p class=\"has-outfit-font-family\"><strong>Wieloletnie do\u015bwiadczenie<\/strong> \u2013 wsp\u00f3\u0142pracujemy z pasjonatami genealogii, grafikami oraz badaczami historii lokalnej.<\/p>\n\n\n\n<div class=\"wp-block-cover alignfull is-light has-parallax\" style=\"margin-top:var(--wp--preset--spacing--30);margin-bottom:var(--wp--preset--spacing--30)\"><div class=\"wp-block-cover__image-background wp-image-128 size-large has-parallax\" style=\"background-position:50% 50%;background-image:url(http:\/\/genezja.you2.pl\/wp-content\/uploads\/2025\/11\/photos-630378_1280-1024x682.jpg)\"><\/div><span aria-hidden=\"true\" class=\"wp-block-cover__background has-background-dim\" style=\"background-color:#8e8e8e\"><\/span><div class=\"wp-block-cover__inner-container has-global-padding is-layout-constrained wp-container-core-cover-is-layout-eb5a687c wp-block-cover-is-layout-constrained\">\n<p class=\"has-text-align-center has-base-2-color has-text-color has-link-color has-outfit-font-family wp-elements-b7af2101791bfb55124ac4c171707f66\" style=\"padding-top:0;padding-right:0px;padding-bottom:0;padding-left:0px;font-size:clamp(1.502rem, 1.502rem + ((1vw - 0.2rem) * 1.663), 2.5rem);\"><strong>Zobacz, jak mo\u017ce wygl\u0105da\u0107 <em>Twoja<\/em> rodzinna historia.<\/strong><\/p>\n<\/div><\/div>\n","protected":false},"excerpt":{"rendered":"<p>Projekt graficzny drzewa genealogicznego 1. KONSULTACJA WST\u0118PNA Om\u00f3wienie Twoich oczekiwa\u0144, stylu projektu oraz planowanego zakresu. Ustalenie dost\u0119pnych materia\u0142\u00f3w (dokumenty rodzinne, fotografie, relacje cz\u0142onk\u00f3w rodziny). Doradztwo w kwestii wyboru formy i estetyki drzewa. 2. ANALIZA I WERYFIKACJA DANYCH Porz\u0105dkowanie zgromadzonych informacji rodzinnych. Opracowanie chronologii pokole\u0144. Weryfikacja fakt\u00f3w (na \u017cyczenie mo\u017cliwo\u015b\u0107 rozszerzenia o profesjonalne badania genealogiczne). 4. [&hellip;]<\/p>\n","protected":false},"author":1,"featured_media":0,"parent":0,"menu_order":0,"comment_status":"closed","ping_status":"closed","template":"page-no-title","meta":{"om_disable_all_campaigns":false,"_monsterinsights_skip_tracking":false,"_monsterinsights_sitenote_active":false,"_monsterinsights_sitenote_note":"","_monsterinsights_sitenote_category":0,"footnotes":""},"class_list":["post-183","page","type-page","status-publish","hentry"],"aioseo_notices":[],"_links":{"self":[{"href":"http:\/\/genezja.you2.pl\/index.php\/wp-json\/wp\/v2\/pages\/183","targetHints":{"allow":["GET"]}}],"collection":[{"href":"http:\/\/genezja.you2.pl\/index.php\/wp-json\/wp\/v2\/pages"}],"about":[{"href":"http:\/\/genezja.you2.pl\/index.php\/wp-json\/wp\/v2\/types\/page"}],"author":[{"embeddable":true,"href":"http:\/\/genezja.you2.pl\/index.php\/wp-json\/wp\/v2\/users\/1"}],"replies":[{"embeddable":true,"href":"http:\/\/genezja.you2.pl\/index.php\/wp-json\/wp\/v2\/comments?post=183"}],"version-history":[{"count":6,"href":"http:\/\/genezja.you2.pl\/index.php\/wp-json\/wp\/v2\/pages\/183\/revisions"}],"predecessor-version":[{"id":230,"href":"http:\/\/genezja.you2.pl\/index.php\/wp-json\/wp\/v2\/pages\/183\/revisions\/230"}],"wp:attachment":[{"href":"http:\/\/genezja.you2.pl\/index.php\/wp-json\/wp\/v2\/media?parent=183"}],"curies":[{"name":"wp","href":"https:\/\/api.w.org\/{rel}","templated":true}]}}