{"id":48,"date":"2025-11-07T13:40:59","date_gmt":"2025-11-07T12:40:59","guid":{"rendered":"http:\/\/genezja.you2.pl\/?page_id=48"},"modified":"2025-11-28T15:01:44","modified_gmt":"2025-11-28T14:01:44","slug":"o-firmie","status":"publish","type":"page","link":"http:\/\/genezja.you2.pl\/index.php\/o-firmie\/","title":{"rendered":"O firmie"},"content":{"rendered":"\n<div class=\"wp-block-cover alignfull has-parallax\"><div class=\"wp-block-cover__image-background wp-image-118 size-full has-parallax\" style=\"background-position:50% 50%;background-image:url(http:\/\/genezja.you2.pl\/wp-content\/uploads\/2025\/11\/Multimedia-6.jpg)\"><\/div><span aria-hidden=\"true\" class=\"wp-block-cover__background has-background-dim\" style=\"background-color:#7c7c7c\"><\/span><div class=\"wp-block-cover__inner-container has-global-padding is-layout-constrained wp-block-cover-is-layout-constrained\">\n<p class=\"has-text-align-center has-outfit-font-family\" style=\"font-size:clamp(2.629rem, 2.629rem + ((1vw - 0.2rem) * 3.952), 5rem);\">Kim jeste\u015bmy?<\/p>\n<\/div><\/div>\n\n\n\n<div class=\"wp-block-media-text alignfull is-stacked-on-mobile\"><figure class=\"wp-block-media-text__media\"><img loading=\"lazy\" decoding=\"async\" width=\"1024\" height=\"1024\" src=\"http:\/\/genezja.you2.pl\/wp-content\/uploads\/2025\/11\/Multimedia.jpg\" alt=\"\" class=\"wp-image-206 size-full\" srcset=\"http:\/\/genezja.you2.pl\/wp-content\/uploads\/2025\/11\/Multimedia.jpg 1024w, http:\/\/genezja.you2.pl\/wp-content\/uploads\/2025\/11\/Multimedia-300x300.jpg 300w, http:\/\/genezja.you2.pl\/wp-content\/uploads\/2025\/11\/Multimedia-150x150.jpg 150w, http:\/\/genezja.you2.pl\/wp-content\/uploads\/2025\/11\/Multimedia-768x768.jpg 768w\" sizes=\"auto, (max-width: 1024px) 100vw, 1024px\" \/><\/figure><div class=\"wp-block-media-text__content\">\n<p class=\"has-outfit-font-family\" style=\"font-size:clamp(1.502rem, 1.502rem + ((1vw - 0.2rem) * 1.663), 2.5rem);\">Jeste\u015bmy zespo\u0142em pasjonat\u00f3w historii rodzinnych, kt\u00f3rzy wierz\u0105, \u017ce ka\u017cda opowie\u015b\u0107 zas\u0142uguje na pi\u0119kn\u0105 form\u0119. \u0141\u0105czymy rzetelne podej\u015bcie do genealogii z artystycznym projektowaniem, tworz\u0105c wyj\u0105tkowe drzewa genealogiczne \u2013 od eleganckich, minimalistycznych kompozycji po bogato ilustrowane projekty pe\u0142ne detali.<\/p>\n<\/div><\/div>\n\n\n\n<div class=\"wp-block-media-text alignfull has-media-on-the-right is-stacked-on-mobile\"><div class=\"wp-block-media-text__content\">\n<p class=\"has-outfit-font-family\" style=\"font-size:clamp(1.502rem, 1.502rem + ((1vw - 0.2rem) * 1.663), 2.5rem);\">Nasz\u0105 misj\u0105 jest pomaganie ludziom w odkrywaniu i zachowywaniu historii ich rodzin. Dzi\u0119ki do\u015bwiadczeniu, nowoczesnym narz\u0119dziom oraz indywidualnemu podej\u015bciu, tworzymy drzewa, kt\u00f3re nie tylko prezentuj\u0105 pokolenia, ale staj\u0105 si\u0119 rodzinn\u0105 pami\u0105tk\u0105 na lata.<\/p>\n<\/div><figure class=\"wp-block-media-text__media\"><img loading=\"lazy\" decoding=\"async\" width=\"1024\" height=\"683\" src=\"http:\/\/genezja.you2.pl\/wp-content\/uploads\/2025\/11\/Multimedia-7-1-1024x683.jpg\" alt=\"\" class=\"wp-image-158 size-full\" srcset=\"http:\/\/genezja.you2.pl\/wp-content\/uploads\/2025\/11\/Multimedia-7-1-1024x683.jpg 1024w, http:\/\/genezja.you2.pl\/wp-content\/uploads\/2025\/11\/Multimedia-7-1-300x200.jpg 300w, http:\/\/genezja.you2.pl\/wp-content\/uploads\/2025\/11\/Multimedia-7-1-768x512.jpg 768w, http:\/\/genezja.you2.pl\/wp-content\/uploads\/2025\/11\/Multimedia-7-1.jpg 1536w\" sizes=\"auto, (max-width: 1024px) 100vw, 1024px\" \/><\/figure><\/div>\n\n\n\n<div class=\"wp-block-media-text alignfull is-stacked-on-mobile\"><figure class=\"wp-block-media-text__media\"><img loading=\"lazy\" decoding=\"async\" width=\"1024\" height=\"683\" src=\"http:\/\/genezja.you2.pl\/wp-content\/uploads\/2025\/10\/Multimedia-1024x683.jpg\" alt=\"\" class=\"wp-image-138 size-full\" srcset=\"http:\/\/genezja.you2.pl\/wp-content\/uploads\/2025\/10\/Multimedia-1024x683.jpg 1024w, http:\/\/genezja.you2.pl\/wp-content\/uploads\/2025\/10\/Multimedia-300x200.jpg 300w, http:\/\/genezja.you2.pl\/wp-content\/uploads\/2025\/10\/Multimedia-768x512.jpg 768w, http:\/\/genezja.you2.pl\/wp-content\/uploads\/2025\/10\/Multimedia.jpg 1536w\" sizes=\"auto, (max-width: 1024px) 100vw, 1024px\" \/><\/figure><div class=\"wp-block-media-text__content\">\n<p class=\"has-outfit-font-family\" style=\"font-size:clamp(1.502rem, 1.502rem + ((1vw - 0.2rem) * 1.663), 2.5rem);\">Ka\u017cde zlecenie traktujemy jako niepowtarzaln\u0105 podr\u00f3\u017c w czasie. S\u0142uchamy, doradzamy i wsp\u00f3lnie z klientami budujemy projekt, kt\u00f3ry oddaje charakter ich rodziny i podkre\u015bla wyj\u0105tkowo\u015b\u0107 jej historii.<\/p>\n<\/div><\/div>\n\n\n\n<div class=\"wp-block-media-text alignfull has-media-on-the-right is-stacked-on-mobile\"><div class=\"wp-block-media-text__content\">\n<p class=\"has-outfit-font-family\" style=\"font-size:clamp(1.502rem, 1.502rem + ((1vw - 0.2rem) * 1.663), 2.5rem);\">Tworzymy drzewa genealogiczne z pasj\u0105, staranno\u015bci\u0105 i dba\u0142o\u015bci\u0105 o najmniejszy szczeg\u00f3\u0142 \u2013 bo to w\u0142a\u015bnie w detalach ukrywa si\u0119 prawdziwe pi\u0119kno rodzinnych opowie\u015bci.<\/p>\n<\/div><figure class=\"wp-block-media-text__media\"><img loading=\"lazy\" decoding=\"async\" width=\"1024\" height=\"682\" src=\"http:\/\/genezja.you2.pl\/wp-content\/uploads\/2025\/11\/Multimedia-10-1024x682.jpg\" alt=\"\" class=\"wp-image-124 size-full\" srcset=\"http:\/\/genezja.you2.pl\/wp-content\/uploads\/2025\/11\/Multimedia-10-1024x682.jpg 1024w, http:\/\/genezja.you2.pl\/wp-content\/uploads\/2025\/11\/Multimedia-10-300x200.jpg 300w, http:\/\/genezja.you2.pl\/wp-content\/uploads\/2025\/11\/Multimedia-10-768x512.jpg 768w, http:\/\/genezja.you2.pl\/wp-content\/uploads\/2025\/11\/Multimedia-10-1536x1023.jpg 1536w, http:\/\/genezja.you2.pl\/wp-content\/uploads\/2025\/11\/Multimedia-10.jpg 1600w\" sizes=\"auto, (max-width: 1024px) 100vw, 1024px\" \/><\/figure><\/div>\n\n\n\n<div style=\"height:100px\" aria-hidden=\"true\" class=\"wp-block-spacer\"><\/div>\n\n\n\n<div class=\"wp-block-cover alignfull has-parallax\" style=\"margin-top:0;margin-bottom:0;min-height:430px;aspect-ratio:unset;\"><div class=\"wp-block-cover__image-background wp-image-118 size-full has-parallax\" style=\"background-position:50% 50%;background-image:url(http:\/\/genezja.you2.pl\/wp-content\/uploads\/2025\/11\/Multimedia-6.jpg)\"><\/div><span aria-hidden=\"true\" class=\"wp-block-cover__background has-background-dim\" style=\"background-color:#7c7c7c\"><\/span><div class=\"wp-block-cover__inner-container has-global-padding is-layout-constrained wp-container-core-cover-is-layout-3e11c9cf wp-block-cover-is-layout-constrained\">\n<h2 class=\"wp-block-heading alignwide has-text-align-center has-outfit-font-family\" style=\"font-size:clamp(1.696rem, 1.696rem + ((1vw - 0.2rem) * 2.007), 2.9rem);\">Zobacz, jak mo\u017ce wygl\u0105da\u0107&nbsp;<em>Twoja<\/em>&nbsp;rodzinna historia.<\/h2>\n\n\n\n<div class=\"wp-block-buttons is-content-justification-center is-layout-flex wp-container-core-buttons-is-layout-a89b3969 wp-block-buttons-is-layout-flex\">\n<div class=\"wp-block-button\"><a class=\"wp-block-button__link has-custom-tekst-color has-custom-dominuj-cy-background-color has-text-color has-background has-link-color has-outfit-font-family has-text-align-center has-custom-font-size wp-element-button\" href=\"http:\/\/genezja.you2.pl\/index.php\/oferta\/\" style=\"border-radius:0px;padding-top:0;padding-right:var(--wp--preset--spacing--50);padding-bottom:0;padding-left:var(--wp--preset--spacing--50);font-size:clamp(19.481px, 1.218rem + ((1vw - 3.2px) * 1.2), 31px);\">Przejd\u017a do oferty<\/a><\/div>\n<\/div>\n<\/div><\/div>\n\n\n\n<p style=\"border-style:none;border-width:0px;margin-top:0;margin-bottom:0\"><\/p>\n","protected":false},"excerpt":{"rendered":"<p>Jeste\u015bmy zespo\u0142em pasjonat\u00f3w historii rodzinnych, kt\u00f3rzy wierz\u0105, \u017ce ka\u017cda opowie\u015b\u0107 zas\u0142uguje na pi\u0119kn\u0105 form\u0119. \u0141\u0105czymy rzetelne podej\u015bcie do genealogii z artystycznym projektowaniem, tworz\u0105c wyj\u0105tkowe drzewa genealogiczne \u2013 od eleganckich, minimalistycznych kompozycji po bogato ilustrowane projekty pe\u0142ne detali. Nasz\u0105 misj\u0105 jest pomaganie ludziom w odkrywaniu i zachowywaniu historii ich rodzin. Dzi\u0119ki do\u015bwiadczeniu, nowoczesnym narz\u0119dziom oraz indywidualnemu [&hellip;]<\/p>\n","protected":false},"author":1,"featured_media":0,"parent":0,"menu_order":0,"comment_status":"closed","ping_status":"closed","template":"page-no-title","meta":{"om_disable_all_campaigns":false,"_monsterinsights_skip_tracking":false,"_monsterinsights_sitenote_active":false,"_monsterinsights_sitenote_note":"","_monsterinsights_sitenote_category":0,"footnotes":""},"class_list":["post-48","page","type-page","status-publish","hentry"],"aioseo_notices":[],"_links":{"self":[{"href":"http:\/\/genezja.you2.pl\/index.php\/wp-json\/wp\/v2\/pages\/48","targetHints":{"allow":["GET"]}}],"collection":[{"href":"http:\/\/genezja.you2.pl\/index.php\/wp-json\/wp\/v2\/pages"}],"about":[{"href":"http:\/\/genezja.you2.pl\/index.php\/wp-json\/wp\/v2\/types\/page"}],"author":[{"embeddable":true,"href":"http:\/\/genezja.you2.pl\/index.php\/wp-json\/wp\/v2\/users\/1"}],"replies":[{"embeddable":true,"href":"http:\/\/genezja.you2.pl\/index.php\/wp-json\/wp\/v2\/comments?post=48"}],"version-history":[{"count":11,"href":"http:\/\/genezja.you2.pl\/index.php\/wp-json\/wp\/v2\/pages\/48\/revisions"}],"predecessor-version":[{"id":215,"href":"http:\/\/genezja.you2.pl\/index.php\/wp-json\/wp\/v2\/pages\/48\/revisions\/215"}],"wp:attachment":[{"href":"http:\/\/genezja.you2.pl\/index.php\/wp-json\/wp\/v2\/media?parent=48"}],"curies":[{"name":"wp","href":"https:\/\/api.w.org\/{rel}","templated":true}]}}