{"id":56,"date":"2025-11-21T16:52:54","date_gmt":"2025-11-21T15:52:54","guid":{"rendered":"http:\/\/genezja.you2.pl\/?page_id=56"},"modified":"2025-11-28T15:42:49","modified_gmt":"2025-11-28T14:42:49","slug":"strona-glowna","status":"publish","type":"page","link":"https:\/\/genezja.you2.pl\/","title":{"rendered":"Strona g\u0142\u00f3wna"},"content":{"rendered":"\n<div class=\"wp-block-cover alignfull has-parallax\" style=\"min-height:682px;aspect-ratio:unset;\"><div class=\"wp-block-cover__image-background wp-image-118 size-full has-parallax\" style=\"background-position:50% 50%;background-image:url(http:\/\/genezja.you2.pl\/wp-content\/uploads\/2025\/11\/Multimedia-6.jpg)\"><\/div><span aria-hidden=\"true\" class=\"wp-block-cover__background has-background-dim\" style=\"background-color:#7c7c7c\"><\/span><div class=\"wp-block-cover__inner-container is-layout-flow wp-block-cover-is-layout-flow\">\n<h1 class=\"wp-block-heading has-text-align-center has-base-2-color has-text-color has-link-color has-outfit-font-family wp-elements-cdd8c733847489dcc56d4904dfb3f174\" style=\"margin-right:var(--wp--preset--spacing--60);margin-left:var(--wp--preset--spacing--60);font-size:clamp(2.712rem, 2.712rem + ((1vw - 0.2rem) * 4.147), 5.2rem);\">Wi\u0119cej ni\u017c Lista Imion. Zaprojektuj i wydrukuj wizualn\u0105 opowie\u015b\u0107 o Twojej Rodzinie.<\/h1>\n\n\n\n<div class=\"wp-block-buttons is-content-justification-center is-layout-flex wp-container-core-buttons-is-layout-02ebe26e wp-block-buttons-is-layout-flex\" style=\"margin-top:var(--wp--preset--spacing--10);margin-bottom:var(--wp--preset--spacing--10);padding-top:var(--wp--preset--spacing--30);padding-bottom:var(--wp--preset--spacing--30)\">\n<div class=\"wp-block-button\"><a class=\"wp-block-button__link has-custom-tekst-color has-custom-dominuj-cy-background-color has-text-color has-background has-link-color has-outfit-font-family has-custom-font-size wp-element-button\" href=\"http:\/\/genezja.you2.pl\/index.php\/oferta\/\" style=\"border-style:none;border-width:0px;border-radius:0px;padding-top:0;padding-right:31px;padding-bottom:0;padding-left:31px;font-size:clamp(1.453rem, 1.453rem + ((1vw - 0.2rem) * 1.578), 2.4rem);text-transform:none\">Dowiedz si\u0119 wi\u0119cej<\/a><\/div>\n<\/div>\n<\/div><\/div>\n\n\n\n<div class=\"wp-block-media-text alignfull is-stacked-on-mobile\" style=\"margin-top:0;margin-bottom:0;padding-top:var(--wp--preset--spacing--20);padding-bottom:var(--wp--preset--spacing--20);grid-template-columns:49% auto\"><figure class=\"wp-block-media-text__media\"><img loading=\"lazy\" decoding=\"async\" width=\"1024\" height=\"687\" src=\"http:\/\/genezja.you2.pl\/wp-content\/uploads\/2025\/11\/szkicuje-laptopa-pracy-edytuj-rysunek-laptopa-1024x687.jpg\" alt=\"\" class=\"wp-image-123 size-full\" srcset=\"https:\/\/genezja.you2.pl\/wp-content\/uploads\/2025\/11\/szkicuje-laptopa-pracy-edytuj-rysunek-laptopa-1024x687.jpg 1024w, https:\/\/genezja.you2.pl\/wp-content\/uploads\/2025\/11\/szkicuje-laptopa-pracy-edytuj-rysunek-laptopa-300x201.jpg 300w, https:\/\/genezja.you2.pl\/wp-content\/uploads\/2025\/11\/szkicuje-laptopa-pracy-edytuj-rysunek-laptopa-768x515.jpg 768w, https:\/\/genezja.you2.pl\/wp-content\/uploads\/2025\/11\/szkicuje-laptopa-pracy-edytuj-rysunek-laptopa-1536x1030.jpg 1536w, https:\/\/genezja.you2.pl\/wp-content\/uploads\/2025\/11\/szkicuje-laptopa-pracy-edytuj-rysunek-laptopa-2048x1374.jpg 2048w\" sizes=\"auto, (max-width: 1024px) 100vw, 1024px\" \/><\/figure><div class=\"wp-block-media-text__content\">\n<h3 class=\"wp-block-heading has-custom-tekst-color has-text-color has-link-color has-outfit-font-family wp-elements-c0fca1ab2641f7f2d68d440585e6f35a\" style=\"font-size:clamp(33.419px, 2.089rem + ((1vw - 3.2px) * 2.769), 60px);\">1. Projekt<\/h3>\n\n\n\n<p class=\"has-custom-tekst-color has-text-color has-link-color has-outfit-font-family wp-elements-84d80105534a7e860a788104ada268b7\" style=\"font-size:clamp(14px, 0.875rem + ((1vw - 3.2px) * 0.625), 20px);\">Proces tworzenia drzewa genealogicznego rozpoczynamy od rozmowy \u2014 poznajemy Twoje oczekiwania, zakres poszukiwa\u0144 oraz dost\u0119pne informacje rodzinne. Nast\u0119pnie analizujemy materia\u0142y, uzupe\u0142niamy je o dane z archiw\u00f3w i tworzymy szczeg\u00f3\u0142ow\u0105 struktur\u0119 powi\u0105za\u0144 rodzinnych.<\/p>\n\n\n\n<p class=\"has-custom-tekst-color has-text-color has-link-color has-outfit-font-family wp-elements-b7f677f977439efdc68ce8e5c4a75ce0\" style=\"font-size:clamp(14px, 0.875rem + ((1vw - 3.2px) * 0.625), 20px);\">Po zebraniu i potwierdzeniu wszystkich fakt\u00f3w przygotowujemy estetyczny projekt graficzny. Ka\u017cde drzewo powstaje indywidualnie, z dba\u0142o\u015bci\u0105 o czytelno\u015b\u0107, histori\u0119 i charakter rodziny.<\/p>\n\n\n\n<p class=\"has-custom-tekst-color has-text-color has-link-color has-outfit-font-family wp-elements-4a6d169bbacb8ea877860441c8f88ef3\" style=\"font-size:clamp(14px, 0.875rem + ((1vw - 3.2px) * 0.625), 20px);\">Przed finalnym wydrukiem otrzymujesz wersj\u0119 do akceptacji, aby upewni\u0107 si\u0119, \u017ce ka\u017cdy szczeg\u00f3\u0142 jest zgodny z Twoj\u0105 wizj\u0105. Dzi\u0119ki temu efekt ko\u0144cowy staje si\u0119 wyj\u0105tkow\u0105 pami\u0105tk\u0105 przekazywan\u0105 kolejnym pokoleniom.<\/p>\n<\/div><\/div>\n\n\n\n<div class=\"wp-block-media-text alignfull has-media-on-the-right is-stacked-on-mobile\" style=\"margin-top:0;margin-right:0;margin-bottom:0;margin-left:0;padding-top:0;padding-bottom:0;grid-template-columns:auto 49%\"><div class=\"wp-block-media-text__content\">\n<h3 class=\"wp-block-heading has-custom-tekst-color has-text-color has-link-color has-outfit-font-family wp-elements-5ba6e56a1a6aeffc103b7577c5898cea\" style=\"font-size:clamp(33.419px, 2.089rem + ((1vw - 3.2px) * 2.769), 60px);\">2. Druk<\/h3>\n\n\n\n<p class=\"has-custom-tekst-color has-text-color has-link-color has-outfit-font-family wp-elements-f618db42b13cb68b6bea9c75df4a6324\" style=\"font-size:clamp(14px, 0.875rem + ((1vw - 3.2px) * 0.625), 20px);\">Gdy projekt drzewa genealogicznego jest ju\u017c dopracowany i zatwierdzony, przechodzimy do etapu druku. Korzystamy z wysokiej jako\u015bci materia\u0142\u00f3w i nowoczesnych technologii, dzi\u0119ki czemu ka\u017cde drzewo prezentuje si\u0119 elegancko i zachowuje trwa\u0142o\u015b\u0107 na lata.<\/p>\n\n\n\n<p class=\"has-custom-tekst-color has-text-color has-link-color has-outfit-font-family wp-elements-a6e960b0cf9d5d2455071f5dee6d4dd2\" style=\"font-size:clamp(14px, 0.875rem + ((1vw - 3.2px) * 0.625), 20px);\">Wybierasz format, rodzaj papieru oraz styl wyko\u0144czenia \u2014 od matowych arkuszy po ozdobne papiery artystyczne. Dbamy o odwzorowanie kolor\u00f3w, czytelno\u015b\u0107 detali i estetyczne kadrowanie ca\u0142ej kompozycji.<\/p>\n<\/div><figure class=\"wp-block-media-text__media\"><img loading=\"lazy\" decoding=\"async\" width=\"1024\" height=\"682\" src=\"http:\/\/genezja.you2.pl\/wp-content\/uploads\/2025\/11\/Multimedia-10-1024x682.jpg\" alt=\"\" class=\"wp-image-124 size-full\" srcset=\"https:\/\/genezja.you2.pl\/wp-content\/uploads\/2025\/11\/Multimedia-10-1024x682.jpg 1024w, https:\/\/genezja.you2.pl\/wp-content\/uploads\/2025\/11\/Multimedia-10-300x200.jpg 300w, https:\/\/genezja.you2.pl\/wp-content\/uploads\/2025\/11\/Multimedia-10-768x512.jpg 768w, https:\/\/genezja.you2.pl\/wp-content\/uploads\/2025\/11\/Multimedia-10-1536x1023.jpg 1536w, https:\/\/genezja.you2.pl\/wp-content\/uploads\/2025\/11\/Multimedia-10.jpg 1600w\" sizes=\"auto, (max-width: 1024px) 100vw, 1024px\" \/><\/figure><\/div>\n\n\n\n<div class=\"wp-block-media-text alignfull is-stacked-on-mobile\" style=\"margin-top:0;margin-bottom:0;padding-top:var(--wp--preset--spacing--20);padding-bottom:var(--wp--preset--spacing--20);grid-template-columns:49% auto\"><figure class=\"wp-block-media-text__media\"><img loading=\"lazy\" decoding=\"async\" width=\"1024\" height=\"683\" src=\"http:\/\/genezja.you2.pl\/wp-content\/uploads\/2025\/11\/Multimedia-11-1024x683.jpg\" alt=\"\" class=\"wp-image-125 size-full\" srcset=\"https:\/\/genezja.you2.pl\/wp-content\/uploads\/2025\/11\/Multimedia-11-1024x683.jpg 1024w, https:\/\/genezja.you2.pl\/wp-content\/uploads\/2025\/11\/Multimedia-11-300x200.jpg 300w, https:\/\/genezja.you2.pl\/wp-content\/uploads\/2025\/11\/Multimedia-11-768x512.jpg 768w, https:\/\/genezja.you2.pl\/wp-content\/uploads\/2025\/11\/Multimedia-11-1536x1024.jpg 1536w, https:\/\/genezja.you2.pl\/wp-content\/uploads\/2025\/11\/Multimedia-11.jpg 1764w\" sizes=\"auto, (max-width: 1024px) 100vw, 1024px\" \/><\/figure><div class=\"wp-block-media-text__content\">\n<h3 class=\"wp-block-heading has-custom-tekst-color has-text-color has-link-color has-outfit-font-family wp-elements-88caff33e31ca494618b07f4e1170f47\" style=\"font-size:clamp(33.419px, 2.089rem + ((1vw - 3.2px) * 2.769), 60px);\">3. Pakowanie<\/h3>\n\n\n\n<p class=\"has-custom-tekst-color has-text-color has-link-color has-outfit-font-family wp-elements-ebdd55ae00f7768e601efa8af343aff3\" style=\"font-size:clamp(14px, 0.875rem + ((1vw - 3.2px) * 0.625), 20px);\">Po wydrukowaniu drzewa genealogicznego przygotowujemy je do wyj\u0105tkowej oprawy. Ka\u017cdy egzemplarz starannie zawijamy w ozdobny, wysokiej jako\u015bci papier, kt\u00f3ry podkre\u015bla charakter pami\u0105tki i nadaje jej elegancki, prezentowy wygl\u0105d.<\/p>\n\n\n\n<p class=\"has-custom-tekst-color has-text-color has-link-color has-outfit-font-family wp-elements-115419af785470bef2c10f542eafd190\" style=\"font-size:clamp(14px, 0.875rem + ((1vw - 3.2px) * 0.625), 20px);\">Dobieramy wzory i kolory tak, aby ca\u0142o\u015b\u0107 by\u0142a subtelna, estetyczna i odpowiednia na uroczyste okazje. Drzewo zabezpieczamy r\u00f3wnie\u017c przed uszkodzeniami, dzi\u0119ki czemu prezent jest nie tylko pi\u0119kny, ale i bezpieczny w transporcie.<\/p>\n\n\n\n<p class=\"has-custom-tekst-color has-text-color has-link-color has-outfit-font-family wp-elements-415a042db916a8c12c357f3bdf3ad455\" style=\"font-size:clamp(14px, 0.875rem + ((1vw - 3.2px) * 0.625), 20px);\">Tak przygotowane drzewo genealogiczne mo\u017cesz od razu wr\u0119czy\u0107 bliskim \u2014 gotowe, by sta\u0107 si\u0119 symbolem rodzinnej historii i wyj\u0105tkow\u0105 niespodziank\u0105.<\/p>\n<\/div><\/div>\n\n\n\n<div class=\"wp-block-cover alignfull is-light has-parallax\" style=\"min-height:645px;aspect-ratio:unset;\"><div class=\"wp-block-cover__image-background wp-image-128 size-large has-parallax\" style=\"background-position:50% 50%;background-image:url(http:\/\/genezja.you2.pl\/wp-content\/uploads\/2025\/11\/photos-630378_1280-1024x682.jpg)\"><\/div><span aria-hidden=\"true\" class=\"wp-block-cover__background has-background-dim\" style=\"background-color:#8e8e8e\"><\/span><div class=\"wp-block-cover__inner-container has-global-padding is-layout-constrained wp-block-cover-is-layout-constrained\">\n<h2 class=\"wp-block-heading alignwide has-text-align-center has-base-2-color has-text-color has-link-color has-outfit-font-family wp-elements-b982b8f1886d319deb3d162af2325ee4\" style=\"margin-top:0;margin-right:0;margin-bottom:0;margin-left:0;font-size:clamp(28.836px, 1.802rem + ((1vw - 3.2px) * 2.205), 50px);font-style:normal;font-weight:700\">Zobacz, jak mo\u017ce wygl\u0105da\u0107 <em>Twoja<\/em> rodzinna historia.<\/h2>\n\n\n\n<div class=\"wp-block-buttons is-content-justification-center is-layout-flex wp-container-core-buttons-is-layout-a89b3969 wp-block-buttons-is-layout-flex\">\n<div class=\"wp-block-button has-custom-width wp-block-button__width-100\"><a class=\"wp-block-button__link has-custom-tekst-color has-custom-dominuj-cy-background-color has-text-color has-background has-link-color has-outfit-font-family has-text-align-center has-custom-font-size wp-element-button\" href=\"http:\/\/genezja.you2.pl\/index.php\/oferta\/\" style=\"border-radius:0px;padding-top:var(--wp--preset--spacing--10);padding-right:var(--wp--preset--spacing--10);padding-bottom:var(--wp--preset--spacing--10);padding-left:var(--wp--preset--spacing--10);font-size:clamp(20px, 1.25rem + ((1vw - 3.2px) * 1.25), 32px);text-transform:none\">Stw\u00f3rz swoje drzewo genealogiczne<\/a><\/div>\n<\/div>\n<\/div><\/div>\n","protected":false},"excerpt":{"rendered":"<p>1. Projekt Proces tworzenia drzewa genealogicznego rozpoczynamy od rozmowy \u2014 poznajemy Twoje oczekiwania, zakres poszukiwa\u0144 oraz dost\u0119pne informacje rodzinne. Nast\u0119pnie analizujemy materia\u0142y, uzupe\u0142niamy je o dane z archiw\u00f3w i tworzymy szczeg\u00f3\u0142ow\u0105 struktur\u0119 powi\u0105za\u0144 rodzinnych. Po zebraniu i potwierdzeniu wszystkich fakt\u00f3w przygotowujemy estetyczny projekt graficzny. Ka\u017cde drzewo powstaje indywidualnie, z dba\u0142o\u015bci\u0105 o czytelno\u015b\u0107, histori\u0119 i charakter [&hellip;]<\/p>\n","protected":false},"author":1,"featured_media":0,"parent":0,"menu_order":0,"comment_status":"closed","ping_status":"closed","template":"page-no-title","meta":{"om_disable_all_campaigns":false,"_monsterinsights_skip_tracking":false,"_monsterinsights_sitenote_active":false,"_monsterinsights_sitenote_note":"","_monsterinsights_sitenote_category":0,"footnotes":""},"class_list":["post-56","page","type-page","status-publish","hentry"],"aioseo_notices":[],"_links":{"self":[{"href":"https:\/\/genezja.you2.pl\/index.php\/wp-json\/wp\/v2\/pages\/56","targetHints":{"allow":["GET"]}}],"collection":[{"href":"https:\/\/genezja.you2.pl\/index.php\/wp-json\/wp\/v2\/pages"}],"about":[{"href":"https:\/\/genezja.you2.pl\/index.php\/wp-json\/wp\/v2\/types\/page"}],"author":[{"embeddable":true,"href":"https:\/\/genezja.you2.pl\/index.php\/wp-json\/wp\/v2\/users\/1"}],"replies":[{"embeddable":true,"href":"https:\/\/genezja.you2.pl\/index.php\/wp-json\/wp\/v2\/comments?post=56"}],"version-history":[{"count":5,"href":"https:\/\/genezja.you2.pl\/index.php\/wp-json\/wp\/v2\/pages\/56\/revisions"}],"predecessor-version":[{"id":232,"href":"https:\/\/genezja.you2.pl\/index.php\/wp-json\/wp\/v2\/pages\/56\/revisions\/232"}],"wp:attachment":[{"href":"https:\/\/genezja.you2.pl\/index.php\/wp-json\/wp\/v2\/media?parent=56"}],"curies":[{"name":"wp","href":"https:\/\/api.w.org\/{rel}","templated":true}]}}